{"id":18,"date":"2025-12-21T22:39:32","date_gmt":"2025-12-21T22:39:32","guid":{"rendered":"https:\/\/rr-art54.ch\/?page_id=18"},"modified":"2025-12-22T00:03:08","modified_gmt":"2025-12-22T00:03:08","slug":"agb","status":"publish","type":"page","link":"https:\/\/rr-art54.ch\/?page_id=18","title":{"rendered":"AGB"},"content":{"rendered":"<h1>Allgemeine Gesch\u00e4ftsbedingungen<\/h1>\n<h2>1. Geltungsbereich<\/h2>\n<p>F\u00fcr alle Bestellungen \u00fcber unsere Webseite gelten die nachfolgenden Allgemeinen Gesch\u00e4ftsbedingungen (AGB). Das Angebot auf dieser Webseite richtet sich ausschliesslich an Konsumentinnen und Konsumenten mit Wohnsitz in der Schweiz (nachfolgend &#8222;Kunde&#8220;).<\/p>\n<p>Als Konsumentin oder Konsument wird eine nat\u00fcrliche Person bezeichnet, welche mit ART 54 gesch\u00e4ftliche Beziehungen pflegt, die weder ihrer gewerblichen noch ihrer selbst\u00e4ndigen beruflichen T\u00e4tigkeit zugeordnet werden kann. Bestellungen in nicht haushalts\u00fcblichen Mengen k\u00f6nnen ohne Begr\u00fcndung abgelehnt werden.<\/p>\n<p>ART 54 beh\u00e4lt sich das Recht vor, diese AGB jederzeit zu \u00e4ndern. Massgebend ist jeweils die zum Zeitpunkt der Bestellung geltende Version dieser AGB, welche f\u00fcr diese Bestellung nicht einseitig ge\u00e4ndert werden k\u00f6nnen. Entgegenstehende oder von diesen AGB abweichende Bedingungen der Kundschaft werden nicht anerkannt.<\/p>\n<p>Der Betreiber dieses Internetauftritts ist <a href=\"https:\/\/rr-art54.ch\/?page_id=442\">ART 54<\/a>.<\/p>\n<h2>2. Informationen auf dieser Webseite<\/h2>\n<p>ART 54 beinhaltet Informationen \u00fcber Produkte und Dienstleistungen. Preis- und Sortiments\u00e4nderungen sowie technische \u00c4nderungen bleiben vorbehalten. Alle Angaben auf dieser Webseite (Produktbeschreibungen, Abbildungen, Illustrationen, Filme, Masse, Gewichte, technische Spezifikationen, Zubeh\u00f6rbeziehungen und sonstige Angaben) dienen der Illustration und sind als N\u00e4herungswerte zu verstehen und sind unverbindlich. Sie stellen insbesondere keine Zusicherung von Eigenschaften oder Garantien dar, ausser es ist explizit anders vermerkt. ART 54 bem\u00fcht sich, s\u00e4mtliche Angaben und Informationen auf dieser Webseite korrekt, vollst\u00e4ndig, aktuell und \u00fcbersichtlich bereitzustellen, jedoch kann ART 54 weder ausdr\u00fccklich noch stillschweigend daf\u00fcr Gew\u00e4hr leisten.<\/p>\n<p>S\u00e4mtliche Angebote auf dieser Webseite gelten als freibleibend und sind nicht als verbindliche Offerte zu verstehen.<\/p>\n<p>ART 54 kann keine Garantie abgeben, dass die aufgef\u00fchrten Produkte zum Zeitpunkt der Bestellung verf\u00fcgbar sind. Daher sind alle Angaben zu Verf\u00fcgbarkeit und Lieferzeiten ohne Gew\u00e4hr und k\u00f6nnen sich jederzeit und ohne Ank\u00fcndigung \u00e4ndern.<\/p>\n<h2>3. Preise<\/h2>\n<p>Die auf ART 54 angegebenen Verkaufspreise stellen Endpreise dar und beinhalten, wenn nicht anders vermerkt, allf\u00e4llige weitere gesetzliche Abgaben wie vorgezogene Recyclinggeb\u00fchren (VRG) oder Urheberrechtsabgaben bei Elektronikger\u00e4ten. Die Preise verstehen sich rein netto in Schweizer Franken (CHF). Als Kleinunternehmen sind wir von der MWST-Pflicht befreit.<\/p>\n<p>Allf\u00e4llige Versandkosten werden, wo nicht anders vorgesehen, zus\u00e4tzlich verrechnet und sind durch den Kunden zu bezahlen. Versandkosten werden im Bestellprozess separat ausgewiesen.<\/p>\n<p>Technische \u00c4nderungen, Irrt\u00fcmer und Druckfehler bleiben vorbehalten, insbesondere kann ART 54 Preis\u00e4nderungen jederzeit und ohne Vorank\u00fcndigungen vornehmen. In den Verkaufspreisen sind keine Beratungs- und Supportdienstleistungen inbegriffen.<\/p>\n<h2>4. Vertragsabschluss<\/h2>\n<p>Die Produkte und Preise auf dieser Webseite gelten als unverbindliche Angebote.<\/p>\n<p>Mit der Bestellung \u00fcber diese Webseite inklusive der Annahme dieser AGB gibt der Kunde ein rechtlich verbindliches Angebot zum Vertragsabschluss ab. ART 54 versendet daraufhin eine automatische Bestelleingangsbest\u00e4tigung per Email, welche best\u00e4tigt, dass das Angebot des Kunden bei ART 54 eingegangen ist. Get\u00e4tigte Bestellungen sind f\u00fcr den Kunden verbindlich. Wo nicht anders vermerkt, gibt es kein R\u00fcckgabe- bzw. R\u00fccktrittsrecht.<\/p>\n<p>Der Vertrag kommt zustande, sobald ART 54 eine Annahmeerkl\u00e4rung per Email versendet, worin der Versand der bestellten Produkte oder Dienstleistungen best\u00e4tigt wird.<\/p>\n<p>Bestellungen werden erst nach vollst\u00e4ndigem Zahlungseingang (Ausnahme: Lieferung gegen Rechnung) und sofern die Waren verf\u00fcgbar sind, ausgeliefert. Ergibt sich, dass die bestellten Waren nicht oder nicht vollst\u00e4ndig geliefert werden k\u00f6nnen, ist ART 54 berechtigt, die Bestellung nicht oder nur teilweise anzunehmen bzw. auszuf\u00fchren. In einem solchen Fall wird ART 54 den Kunden per Email informieren. Sollte die Zahlung des Kunden bereits bei ART 54 eingegangen sein, wird die Zahlung dem Kunden zur\u00fcckerstattet. Ist noch keine Zahlung erfolgt, wird der Kunde von der Zahlungspflicht befreit.<\/p>\n<h2>5. Zahlungsm\u00f6glichkeiten und Eigentumsvorbehalt<\/h2>\n<p>Dem Kunden stehen die im Bestellvorgang angegebenen Zahlungsm\u00f6glichkeiten zur Verf\u00fcgung.<\/p>\n<p>ART 54 beh\u00e4lt sich das Recht vor, Kunden ohne Angabe von Gr\u00fcnden von einzelnen Zahlungsm\u00f6glichkeiten auszuschliessen oder auf Vorauskasse zu bestehen.<\/p>\n<p>ART 54 kann bei Zahlungsverzug des Kunden Verzugszinsen von 5% pro Jahr sowie eine Mahngeb\u00fchr von maximal CHF 20.- pro Mahnung erheben.<\/p>\n<p>Die dem Kunden gelieferten Produkte bleiben bis zur vollst\u00e4ndigen Bezahlung im Eigentum von ART 54.<\/p>\n<h2>6. Lieferung, Pr\u00fcfpflicht, M\u00e4ngelr\u00fcge und R\u00fccksendung<\/h2>\n<p>Die Lieferungen werden per Post oder Kurierdienst an die vom Kunden in der Bestellung angegebene Adresse versandt.<\/p>\n<p>ART 54 ist bem\u00fcht m\u00f6glichst kurze Lieferfristen einzuhalten. Allf\u00e4llig in der Bestellbest\u00e4tigung angegebene Lieferfristen sind jedoch unverbindlich. ART 54 ist zu Teillieferungen berechtigt. Die Versandkosten werden in diesem Fall dem Kunden nur einmal berechnet.<\/p>\n<p>Der Versand der Rechnung, soweit Lieferung gegen Rechnung angeboten wird, erfolgt nach Wahl von ART 54 per Email oder auf dem Postweg.<\/p>\n<p>Ist die Lieferung nicht zustellbar oder verweigert der Kunde die Annahme der Lieferung, kann ART 54 den Vertrag nach einer Mitteilung per Email an den Kunden und unter Einhalten einer angemessenen Nachfrist aufl\u00f6sen sowie die Kosten f\u00fcr die Umtriebe in Rechnung stellen.<\/p>\n<p>Der Kunde ist verpflichtet, die gelieferten Waren sofort nach Eingang der Lieferung zu pr\u00fcfen und allf\u00e4llige M\u00e4ngel, f\u00fcr die ART 54 Gew\u00e4hr leistet, unverz\u00fcglich schriftlich per Brief oder Email an die Adresse im <a href=\"https:\/\/rr-art54.ch\/?page_id=442\">Impressum<\/a> Anzeige zu machen.<\/p>\n<p>R\u00fccksendungen an ART 54 erfolgen auf Rechnung und Gefahr des Kunden. Der Kunde hat die Waren originalverpackt, komplett mit allem Zubeh\u00f6r und zusammen mit dem Lieferschein und einer ausf\u00fchrlichen Beschreibung der M\u00e4ngel an die von ART 54 angegebene R\u00fccksendeadresse im <a href=\"https:\/\/rr-art54.ch\/?page_id=442\">Impressum<\/a> zu schicken.<\/p>\n<p>Ergibt sich bei der Pr\u00fcfung durch ART 54, dass die Waren keine feststellbaren M\u00e4ngel aufweisen oder diese nicht unter die Garantie des Herstellers fallen, kann ART 54 die Umtriebe, die R\u00fccksendung oder die allf\u00e4llige Entsorgung dem Kunden in Rechnung stellen.<\/p>\n<h2>7. Gew\u00e4hrleistung<\/h2>\n<p>ART 54 bem\u00fcht sich, Waren in einwandfreier Qualit\u00e4t zu liefern. Bei rechtzeitig ger\u00fcgten M\u00e4ngeln \u00fcbernimmt ART 54 w\u00e4hrend der gesetzlichen Gew\u00e4hrleistungsfrist von in der Regel zwei Jahren seit dem Lieferdatum die Gew\u00e4hrleistung f\u00fcr M\u00e4ngelfreiheit und Funktionsf\u00e4higkeit des vom Kunden erworbenen Gegenstandes. Es liegt im Ermessen von ART 54 die Gew\u00e4hrleistung durch kostenlose Reparatur, gleichwertigen Ersatz oder durch R\u00fcckerstattung des Kaufpreises zu erbringen. Weitere Gew\u00e4hrleistungsrechte sind ausgeschlossen.<\/p>\n<p>Von der Gew\u00e4hrleistung werden die normale Abn\u00fctzung sowie die Folgen unsachgem\u00e4sser Behandlung oder Besch\u00e4digung durch den Kunden oder Drittpersonen sowie M\u00e4ngel, die auf \u00e4ussere Umst\u00e4nde zur\u00fcckzuf\u00fchren sind, nicht erfasst. Ebenso wird die Gew\u00e4hrleistung f\u00fcr Verbrauchs- und Verschleissteile (z.B. Batterien, Akkus, etc.) wegbedungen.<\/p>\n<p>ART 54 ist es nicht m\u00f6glich, Zusicherungen oder Garantien f\u00fcr die Aktualit\u00e4t, Vollst\u00e4ndigkeit und Korrektheit der Daten sowie f\u00fcr die st\u00e4ndige oder ungest\u00f6rte Verf\u00fcgbarkeit der Webseite, deren Funktionalit\u00e4ten, integrierten Hyperlinks und weiteren Inhalten abzugeben. Insbesondere wird weder zugesichert, noch garantiert, dass durch die Nutzung der Webseite keine Rechte von Dritten verletzt werden, die nicht im Besitz von ART 54 sind.<\/p>\n<h2>8. Haftung<\/h2>\n<p>ART 54 schliesst jede Haftung, unabh\u00e4ngig von ihrem Rechtsgrund, sowie Schadenersatzanspr\u00fcche gegen ART 54 und gegen allf\u00e4llige Hilfspersonen und Erf\u00fcllungsgehilfen aus. ART 54 haftet insbesondere nicht f\u00fcr indirekte Sch\u00e4den und Mangelfolgesch\u00e4den, entgangenen Gewinn oder sonstige Personen-, Sach- und reine Verm\u00f6genssch\u00e4den des Kunden. Vorbehalten bleibt eine weitergehende zwingende gesetzliche Haftung, beispielsweise f\u00fcr grobe Fahrl\u00e4ssigkeit oder rechtswidrige Absicht.<\/p>\n<p>ART 54 benutzt Hyperlinks lediglich f\u00fcr den vereinfachten Zugang des Kunden zu anderen Webangeboten. ART 54 kann weder den Inhalt dieser Webangebote im Einzelnen kennen, noch die Haftung oder sonstige Verantwortung f\u00fcr die Inhalte dieser Webseiten \u00fcbernehmen.<\/p>\n<h2>9. Datenschutz<\/h2>\n<p>ART 54 darf die im Rahmen des Vertragsschlusses aufgenommenen Daten zur Erf\u00fcllung der Verpflichtungen aus dem Kaufvertrag verarbeiten und nutzen sowie zu Marketingzwecken verwenden. Die zur Leistungserf\u00fcllung notwendigen Daten k\u00f6nnen auch an beauftrage Dienstleistungspartner (Logistikpartner) oder sonstigen Dritten weitergegeben werden.<\/p>\n<p>Die Datenschutzbestimmungen sind im Einzelnen unter folgendem Link abrufbar: <a href=\"https:\/\/rr-art54.ch\/?page_id=444\">Datenschutz<\/a><\/p>\n<h2>10. Teilung\u00fcltigkeit<\/h2>\n<p>Sollten sich einzelne Bestimmungen dieser AGB als unwirksam oder undurchf\u00fchrbar erweisen oder unwirksam oder undurchf\u00fchrbar werden, so bleibt dadurch die Wirksamkeit der \u00fcbrigen Bestimmungen unber\u00fchrt.<\/p>\n<h2>11. Weitere Bestimmungen<\/h2>\n<p>ART 54 beh\u00e4lt sich ausdr\u00fccklich vor, die vorliegenden AGB jederzeit zu \u00e4ndern und ohne Ank\u00fcndigung in Kraft zu setzen.<\/p>\n<p>Im Falle von Streitigkeiten kommt <strong>ausschliesslich materielles Schweizer Recht<\/strong> unter Ausschluss von kollisionsrechtlichen Normen zur Anwendung. Das UN-Kaufrecht (CISG, Wiener Kaufrecht) wird explizit ausgeschlossen.<\/p>\n<p><strong>Gerichtsstand ist 3178 Boesingen oder der Wohnsitz der Konsumentin oder des Konsumenten<\/strong>.<\/p>\n<h2>12. Kontakt<\/h2>\n<p>Bei Fragen zu diesen AGB bitte melden bei: <a href=\"https:\/\/rr-art54.ch\/?page_id=442\">Impressum<\/a><\/p>\n","protected":false},"excerpt":{"rendered":"<p>Allgemeine Gesch\u00e4ftsbedingungen 1. Geltungsbereich F\u00fcr alle Bestellungen \u00fcber unsere Webseite gelten die nachfolgenden Allgemeinen Gesch\u00e4ftsbedingungen (AGB). Das Angebot auf dieser Webseite richtet sich ausschliesslich an Konsumentinnen und Konsumenten mit Wohnsitz in der Schweiz (nachfolgend &#8222;Kunde&#8220;). Als Konsumentin oder Konsument wird eine nat\u00fcrliche Person bezeichnet, welche mit ART 54 gesch\u00e4ftliche Beziehungen pflegt, die weder ihrer gewerblichen [&hellip;]<\/p>\n","protected":false},"author":1,"featured_media":0,"parent":0,"menu_order":0,"comment_status":"closed","ping_status":"closed","template":"","meta":{"footnotes":""},"class_list":["post-18","page","type-page","status-publish","hentry"],"_links":{"self":[{"href":"https:\/\/rr-art54.ch\/index.php?rest_route=\/wp\/v2\/pages\/18","targetHints":{"allow":["GET"]}}],"collection":[{"href":"https:\/\/rr-art54.ch\/index.php?rest_route=\/wp\/v2\/pages"}],"about":[{"href":"https:\/\/rr-art54.ch\/index.php?rest_route=\/wp\/v2\/types\/page"}],"author":[{"embeddable":true,"href":"https:\/\/rr-art54.ch\/index.php?rest_route=\/wp\/v2\/users\/1"}],"replies":[{"embeddable":true,"href":"https:\/\/rr-art54.ch\/index.php?rest_route=%2Fwp%2Fv2%2Fcomments&post=18"}],"version-history":[{"count":6,"href":"https:\/\/rr-art54.ch\/index.php?rest_route=\/wp\/v2\/pages\/18\/revisions"}],"predecessor-version":[{"id":36,"href":"https:\/\/rr-art54.ch\/index.php?rest_route=\/wp\/v2\/pages\/18\/revisions\/36"}],"wp:attachment":[{"href":"https:\/\/rr-art54.ch\/index.php?rest_route=%2Fwp%2Fv2%2Fmedia&parent=18"}],"curies":[{"name":"wp","href":"https:\/\/api.w.org\/{rel}","templated":true}]}}